{"id":277,"date":"2024-06-19T11:53:33","date_gmt":"2024-06-19T03:53:33","guid":{"rendered":"https:\/\/chickennuggetproductionline.com\/?page_id=277"},"modified":"2025-01-10T14:48:28","modified_gmt":"2025-01-10T06:48:28","slug":"about-us","status":"publish","type":"page","link":"https:\/\/chickennuggetproductionline.com\/fr\/about-us\/","title":{"rendered":"\u00c0 propos de nous"},"content":{"rendered":"<div class=\"gb-container gb-container-d70d3d41\">\n<div class=\"gb-container gb-container-fbce4224\">\n<div class=\"gb-container gb-container-6544843b\">\n<div class=\"gb-container gb-container-e225d766\">\n\n<figure class=\"wp-block-video\"><video height=\"544\" style=\"aspect-ratio: 960 \/ 544;\" width=\"960\" controls src=\"https:\/\/chickennuggetproductionline.com\/wp-content\/uploads\/2024\/06\/nugget-production-line.mp4\"><\/video><\/figure>\n\n<\/div>\n\n\n<h2 class=\"gb-headline gb-headline-c67b1d25 gb-headline-text\">Nous nous engageons \u00e0 fournir des solutions d&#039;\u00e9quipement pour nuggets de poulet \u00e0 de nombreuses usines<\/h2>\n\n\n\n<p>Nous sommes le premier fabricant de lignes de production de nuggets de poulet en Chine avec plus de 30 ans d&#039;exp\u00e9rience. Notre ligne de production de nuggets de poulet comprend une machine \u00e0 former des galettes de viande, un m\u00e9langeur \u00e0 p\u00e2te, une machine \u00e0 enrober, une machine \u00e0 paner, une machine \u00e0 enrober la farine, une friteuse continue, une ligne de refroidissement par air, un cong\u00e9lateur, une machine d&#039;emballage et bien plus encore. Nous nous engageons \u00e0 fournir des solutions innovantes qui r\u00e9pondent aux besoins de nos clients dans le monde entier.<\/p>\n\n\n\n<p>Depuis notre cr\u00e9ation en 1992, nous nous sommes impos\u00e9s comme un fournisseur de premier plan, livrant des produits de qualit\u00e9 \u00e0 des clients du monde entier.<\/p>\n\n\n<div class=\"gb-container gb-container-c4db17d8\">\n<div class=\"gb-grid-wrapper gb-grid-wrapper-e27398aa\">\n<div class=\"gb-grid-column gb-grid-column-5db3bc86\"><div class=\"gb-container gb-container-5db3bc86\">\n\n<figure class=\"gb-block-image gb-block-image-905073a0\"><img decoding=\"async\" width=\"800\" height=\"600\" class=\"gb-image gb-image-905073a0\" src=\"https:\/\/chickennuggetproductionline.com\/wp-content\/uploads\/2024\/06\/chicken-nugget-making-machine.jpg\" alt=\"\" title=\"machine \u00e0 fabriquer des nuggets de poulet\" srcset=\"https:\/\/chickennuggetproductionline.com\/wp-content\/uploads\/2024\/06\/chicken-nugget-making-machine.jpg 800w, https:\/\/chickennuggetproductionline.com\/wp-content\/uploads\/2024\/06\/chicken-nugget-making-machine-300x225.jpg 300w, https:\/\/chickennuggetproductionline.com\/wp-content\/uploads\/2024\/06\/chicken-nugget-making-machine-768x576.jpg 768w\" sizes=\"(max-width: 800px) 100vw, 800px\" \/><\/figure>\n\n<\/div><\/div>\n\n<div class=\"gb-grid-column gb-grid-column-b7672a0a\"><div class=\"gb-container gb-container-b7672a0a\">\n\n<figure class=\"gb-block-image gb-block-image-ba1d6331\"><img decoding=\"async\" width=\"800\" height=\"600\" class=\"gb-image gb-image-ba1d6331\" src=\"https:\/\/chickennuggetproductionline.com\/wp-content\/uploads\/2024\/06\/China-Chicken-Nuggets-Machine-Factory-and-Suppliers.jpg\" alt=\"\" title=\"Usine et fournisseurs de machines \u00e0 nuggets de poulet en Chine\" srcset=\"https:\/\/chickennuggetproductionline.com\/wp-content\/uploads\/2024\/06\/China-Chicken-Nuggets-Machine-Factory-and-Suppliers.jpg 800w, https:\/\/chickennuggetproductionline.com\/wp-content\/uploads\/2024\/06\/China-Chicken-Nuggets-Machine-Factory-and-Suppliers-300x225.jpg 300w, https:\/\/chickennuggetproductionline.com\/wp-content\/uploads\/2024\/06\/China-Chicken-Nuggets-Machine-Factory-and-Suppliers-768x576.jpg 768w\" sizes=\"(max-width: 800px) 100vw, 800px\" \/><\/figure>\n\n<\/div><\/div>\n\n<div class=\"gb-grid-column gb-grid-column-65f36722\"><div class=\"gb-container gb-container-65f36722\">\n\n<figure class=\"gb-block-image gb-block-image-f84f10d6\"><img decoding=\"async\" width=\"800\" height=\"600\" class=\"gb-image gb-image-f84f10d6\" src=\"https:\/\/chickennuggetproductionline.com\/wp-content\/uploads\/2024\/06\/chicken-nugget-processing-machine-for-sale.jpg\" alt=\"\" title=\"machine de traitement de nuggets de poulet \u00e0 vendre\" srcset=\"https:\/\/chickennuggetproductionline.com\/wp-content\/uploads\/2024\/06\/chicken-nugget-processing-machine-for-sale.jpg 800w, https:\/\/chickennuggetproductionline.com\/wp-content\/uploads\/2024\/06\/chicken-nugget-processing-machine-for-sale-300x225.jpg 300w, https:\/\/chickennuggetproductionline.com\/wp-content\/uploads\/2024\/06\/chicken-nugget-processing-machine-for-sale-768x576.jpg 768w\" sizes=\"(max-width: 800px) 100vw, 800px\" \/><\/figure>\n\n<\/div><\/div>\n\n<div class=\"gb-grid-column gb-grid-column-a13a3259\"><div class=\"gb-container gb-container-a13a3259\">\n\n<figure class=\"gb-block-image gb-block-image-ca85d3d1\"><img decoding=\"async\" width=\"800\" height=\"600\" class=\"gb-image gb-image-ca85d3d1\" src=\"https:\/\/chickennuggetproductionline.com\/wp-content\/uploads\/2024\/06\/chicken-nuggets-makig-line.jpg\" alt=\"\" title=\"cha\u00eene de fabrication de nuggets de poulet\" srcset=\"https:\/\/chickennuggetproductionline.com\/wp-content\/uploads\/2024\/06\/chicken-nuggets-makig-line.jpg 800w, https:\/\/chickennuggetproductionline.com\/wp-content\/uploads\/2024\/06\/chicken-nuggets-makig-line-300x225.jpg 300w, https:\/\/chickennuggetproductionline.com\/wp-content\/uploads\/2024\/06\/chicken-nuggets-makig-line-768x576.jpg 768w\" sizes=\"(max-width: 800px) 100vw, 800px\" \/><\/figure>\n\n<\/div><\/div>\n<\/div>\n<\/div>\n\n\n<p>Notre engagement en mati\u00e8re de qualit\u00e9 se refl\u00e8te dans notre certification ISO9001:2000 et le marquage CE de nos produits. Nous continuons d&#039;investir dans la recherche et le d\u00e9veloppement pour garder une longueur d&#039;avance sur la concurrence et stimuler l&#039;innovation dans le secteur. Notre souci de durabilit\u00e9 se refl\u00e8te dans nos processus de fabrication respectueux de l&#039;environnement et dans l&#039;utilisation de mat\u00e9riaux durables.<\/p>\n\n\n\n<h2 class=\"gb-headline gb-headline-050cf952 gb-headline-text\">Notre mission<\/h2>\n\n\n\n<p>Notre mission est de devenir un partenaire de confiance pour nos clients en leur fournissant des solutions de machines alimentaires fiables et de haute qualit\u00e9. Nous nous effor\u00e7ons d&#039;y parvenir en innovant et en am\u00e9liorant constamment nos produits et services, ainsi qu&#039;en fournissant un support technique et un service apr\u00e8s-vente sp\u00e9cialis\u00e9s.<\/p>\n\n<\/div>\n<\/div>\n<\/div>\n\n<div class=\"gb-container gb-container-4b162d08\">\n<div class=\"gb-container gb-container-9dbd9daf\">\n<div class=\"gb-container gb-container-0ac21e59\">\n\n<h2 class=\"gb-headline gb-headline-a516856c gb-headline-text\">Contactez-nous<\/h2>\n\n\n\n<div class=\"wp-block-contact-form-7-contact-form-selector\">\n<div class=\"wpcf7 no-js\" id=\"wpcf7-f30-o1\" lang=\"en-US\" dir=\"ltr\" data-wpcf7-id=\"30\">\n<div class=\"screen-reader-response\"><p role=\"status\" aria-live=\"polite\" aria-atomic=\"true\"><\/p> <ul><\/ul><\/div>\n<form action=\"\/fr\/wp-json\/wp\/v2\/pages\/277#wpcf7-f30-o1\" method=\"post\" class=\"wpcf7-form init\" aria-label=\"Formulaire de contact\" novalidate=\"novalidate\" data-status=\"init\" data-trp-original-action=\"\/fr\/wp-json\/wp\/v2\/pages\/277#wpcf7-f30-o1\">\n<fieldset class=\"hidden-fields-container\"><input type=\"hidden\" name=\"_wpcf7\" value=\"30\" \/><input type=\"hidden\" name=\"_wpcf7_version\" value=\"6.1.5\" \/><input type=\"hidden\" name=\"_wpcf7_locale\" value=\"en_US\" \/><input type=\"hidden\" name=\"_wpcf7_unit_tag\" value=\"wpcf7-f30-o1\" \/><input type=\"hidden\" name=\"_wpcf7_container_post\" value=\"0\" \/><input type=\"hidden\" name=\"_wpcf7_posted_data_hash\" value=\"\" \/>\n<\/fieldset>\n<p><label><span class=\"wpcf7-form-control-wrap\" data-name=\"your-name\"><input size=\"40\" maxlength=\"400\" class=\"wpcf7-form-control wpcf7-text wpcf7-validates-as-required\" aria-required=\"true\" aria-invalid=\"false\" placeholder=\"Nom*\" value=\"\" type=\"text\" name=\"your-name\" \/><\/span><\/label>\n<\/p>\n<p><label><span class=\"wpcf7-form-control-wrap\" data-name=\"your-email\"><input size=\"40\" maxlength=\"400\" class=\"wpcf7-form-control wpcf7-email wpcf7-validates-as-required wpcf7-text wpcf7-validates-as-email\" aria-required=\"true\" aria-invalid=\"false\" placeholder=\"E-mail*\" value=\"\" type=\"email\" name=\"your-email\" \/><\/span><\/label>\n<\/p>\n<p><label><span class=\"wpcf7-form-control-wrap\" data-name=\"your-tel\"><input size=\"40\" maxlength=\"400\" class=\"wpcf7-form-control wpcf7-tel wpcf7-validates-as-required wpcf7-text wpcf7-validates-as-tel\" aria-required=\"true\" aria-invalid=\"false\" placeholder=\"T\u00e9l\u00e9phone*\" value=\"\" type=\"tel\" name=\"your-tel\" \/><\/span><\/label>\n<\/p>\n<p><label><span class=\"wpcf7-form-control-wrap\" data-name=\"your-message\"><textarea cols=\"40\" rows=\"10\" maxlength=\"2000\" class=\"wpcf7-form-control wpcf7-textarea wpcf7-validates-as-required\" aria-required=\"true\" aria-invalid=\"false\" placeholder=\"Message* :1. Quelle est votre capacit\u00e9 ?2. Quelle est votre mati\u00e8re premi\u00e8re ? (nuggets de poulet ou viande de poulet hach\u00e9e)3. Vos produits finis attendus ? (surgel\u00e9s ou enti\u00e8rement cuits)\" name=\"your-message\"><\/textarea><\/span> <\/label>\n<\/p>\n<p><input class=\"wpcf7-form-control wpcf7-submit has-spinner\" type=\"submit\" value=\"Soumettre\" \/>\n<\/p><input type='hidden' class='wpcf7-pum' value='{\"closepopup\":false,\"closedelay\":0,\"openpopup\":false,\"openpopup_id\":0}' \/><div class=\"wpcf7-response-output\" aria-hidden=\"true\"><\/div>\n<input type=\"hidden\" name=\"trp-form-language\" value=\"fr\"\/><\/form>\n<\/div>\n<\/div>\n\n<\/div>\n<\/div>\n<\/div>","protected":false},"excerpt":{"rendered":"<p>We are committed to providing chicken nuggets\u00a0equipment solutions to many factories We are&nbsp;the&nbsp;leading manufacturer of chicken nuggets production line&nbsp;in China &#8230; <\/p>\n<p class=\"read-more-container\"><a title=\"\u00c0 propos de nous\" class=\"read-more button\" href=\"https:\/\/chickennuggetproductionline.com\/fr\/about-us\/#more-277\" aria-label=\"En savoir plus sur About Us\">En savoir plus<\/a><\/p>","protected":false},"author":1,"featured_media":0,"parent":0,"menu_order":0,"comment_status":"closed","ping_status":"closed","template":"","meta":{"footnotes":""},"class_list":{"0":"post-277","1":"page","2":"type-page","3":"status-publish","5":"no-featured-image-padding"},"_links":{"self":[{"href":"https:\/\/chickennuggetproductionline.com\/fr\/wp-json\/wp\/v2\/pages\/277","targetHints":{"allow":["GET"]}}],"collection":[{"href":"https:\/\/chickennuggetproductionline.com\/fr\/wp-json\/wp\/v2\/pages"}],"about":[{"href":"https:\/\/chickennuggetproductionline.com\/fr\/wp-json\/wp\/v2\/types\/page"}],"author":[{"embeddable":true,"href":"https:\/\/chickennuggetproductionline.com\/fr\/wp-json\/wp\/v2\/users\/1"}],"replies":[{"embeddable":true,"href":"https:\/\/chickennuggetproductionline.com\/fr\/wp-json\/wp\/v2\/comments?post=277"}],"version-history":[{"count":1,"href":"https:\/\/chickennuggetproductionline.com\/fr\/wp-json\/wp\/v2\/pages\/277\/revisions"}],"predecessor-version":[{"id":1815,"href":"https:\/\/chickennuggetproductionline.com\/fr\/wp-json\/wp\/v2\/pages\/277\/revisions\/1815"}],"wp:attachment":[{"href":"https:\/\/chickennuggetproductionline.com\/fr\/wp-json\/wp\/v2\/media?parent=277"}],"curies":[{"name":"wp","href":"https:\/\/api.w.org\/{rel}","templated":true}]}}