{"id":277,"date":"2024-06-19T11:53:33","date_gmt":"2024-06-19T03:53:33","guid":{"rendered":"https:\/\/chickennuggetproductionline.com\/?page_id=277"},"modified":"2025-01-10T14:48:28","modified_gmt":"2025-01-10T06:48:28","slug":"about-us","status":"publish","type":"page","link":"https:\/\/chickennuggetproductionline.com\/es\/about-us\/","title":{"rendered":"Qui\u00e9nes somos"},"content":{"rendered":"<div class=\"gb-container gb-container-d70d3d41\">\n<div class=\"gb-container gb-container-fbce4224\">\n<div class=\"gb-container gb-container-6544843b\">\n<div class=\"gb-container gb-container-e225d766\">\n\n<figure class=\"wp-block-video\"><video height=\"544\" style=\"aspect-ratio: 960 \/ 544;\" width=\"960\" controls src=\"https:\/\/chickennuggetproductionline.com\/wp-content\/uploads\/2024\/06\/nugget-production-line.mp4\"><\/video><\/figure>\n\n<\/div>\n\n\n<h2 class=\"gb-headline gb-headline-c67b1d25 gb-headline-text\">Nos comprometemos a proporcionar soluciones de equipos para nuggets de pollo a muchas f\u00e1bricas.<\/h2>\n\n\n\n<p>Somos el fabricante l\u00edder de l\u00edneas de producci\u00f3n de nuggets de pollo en China con m\u00e1s de 30 a\u00f1os de experiencia. Nuestra l\u00ednea de producci\u00f3n de nuggets de pollo incluye una m\u00e1quina formadora de hamburguesas, una mezcladora de rebozado, una m\u00e1quina rebozadora, una m\u00e1quina empanadora, una m\u00e1quina rebozadora de harina, una freidora continua, una l\u00ednea de enfriamiento por aire, un congelador, una m\u00e1quina envasadora y m\u00e1s. Nos comprometemos a brindar soluciones innovadoras que satisfagan las necesidades de nuestros clientes en todo el mundo.<\/p>\n\n\n\n<p>Desde nuestros inicios en 1992, nos hemos establecido como un proveedor de primer nivel, entregando productos de calidad a clientes de todo el mundo.<\/p>\n\n\n<div class=\"gb-container gb-container-c4db17d8\">\n<div class=\"gb-grid-wrapper gb-grid-wrapper-e27398aa\">\n<div class=\"gb-grid-column gb-grid-column-5db3bc86\"><div class=\"gb-container gb-container-5db3bc86\">\n\n<figure class=\"gb-block-image gb-block-image-905073a0\"><img decoding=\"async\" width=\"800\" height=\"600\" class=\"gb-image gb-image-905073a0\" src=\"https:\/\/chickennuggetproductionline.com\/wp-content\/uploads\/2024\/06\/chicken-nugget-making-machine.jpg\" alt=\"\" title=\"m\u00e1quina para hacer nuggets de pollo\" srcset=\"https:\/\/chickennuggetproductionline.com\/wp-content\/uploads\/2024\/06\/chicken-nugget-making-machine.jpg 800w, https:\/\/chickennuggetproductionline.com\/wp-content\/uploads\/2024\/06\/chicken-nugget-making-machine-300x225.jpg 300w, https:\/\/chickennuggetproductionline.com\/wp-content\/uploads\/2024\/06\/chicken-nugget-making-machine-768x576.jpg 768w\" sizes=\"(max-width: 800px) 100vw, 800px\" \/><\/figure>\n\n<\/div><\/div>\n\n<div class=\"gb-grid-column gb-grid-column-b7672a0a\"><div class=\"gb-container gb-container-b7672a0a\">\n\n<figure class=\"gb-block-image gb-block-image-ba1d6331\"><img decoding=\"async\" width=\"800\" height=\"600\" class=\"gb-image gb-image-ba1d6331\" src=\"https:\/\/chickennuggetproductionline.com\/wp-content\/uploads\/2024\/06\/China-Chicken-Nuggets-Machine-Factory-and-Suppliers.jpg\" alt=\"\" title=\"F\u00e1brica de m\u00e1quinas y proveedores de nuggets de pollo en China\" srcset=\"https:\/\/chickennuggetproductionline.com\/wp-content\/uploads\/2024\/06\/China-Chicken-Nuggets-Machine-Factory-and-Suppliers.jpg 800w, https:\/\/chickennuggetproductionline.com\/wp-content\/uploads\/2024\/06\/China-Chicken-Nuggets-Machine-Factory-and-Suppliers-300x225.jpg 300w, https:\/\/chickennuggetproductionline.com\/wp-content\/uploads\/2024\/06\/China-Chicken-Nuggets-Machine-Factory-and-Suppliers-768x576.jpg 768w\" sizes=\"(max-width: 800px) 100vw, 800px\" \/><\/figure>\n\n<\/div><\/div>\n\n<div class=\"gb-grid-column gb-grid-column-65f36722\"><div class=\"gb-container gb-container-65f36722\">\n\n<figure class=\"gb-block-image gb-block-image-f84f10d6\"><img decoding=\"async\" width=\"800\" height=\"600\" class=\"gb-image gb-image-f84f10d6\" src=\"https:\/\/chickennuggetproductionline.com\/wp-content\/uploads\/2024\/06\/chicken-nugget-processing-machine-for-sale.jpg\" alt=\"\" title=\"M\u00e1quina para procesar nuggets de pollo a la venta\" srcset=\"https:\/\/chickennuggetproductionline.com\/wp-content\/uploads\/2024\/06\/chicken-nugget-processing-machine-for-sale.jpg 800w, https:\/\/chickennuggetproductionline.com\/wp-content\/uploads\/2024\/06\/chicken-nugget-processing-machine-for-sale-300x225.jpg 300w, https:\/\/chickennuggetproductionline.com\/wp-content\/uploads\/2024\/06\/chicken-nugget-processing-machine-for-sale-768x576.jpg 768w\" sizes=\"(max-width: 800px) 100vw, 800px\" \/><\/figure>\n\n<\/div><\/div>\n\n<div class=\"gb-grid-column gb-grid-column-a13a3259\"><div class=\"gb-container gb-container-a13a3259\">\n\n<figure class=\"gb-block-image gb-block-image-ca85d3d1\"><img decoding=\"async\" width=\"800\" height=\"600\" class=\"gb-image gb-image-ca85d3d1\" src=\"https:\/\/chickennuggetproductionline.com\/wp-content\/uploads\/2024\/06\/chicken-nuggets-makig-line.jpg\" alt=\"\" title=\"l\u00ednea para hacer nuggets de pollo\" srcset=\"https:\/\/chickennuggetproductionline.com\/wp-content\/uploads\/2024\/06\/chicken-nuggets-makig-line.jpg 800w, https:\/\/chickennuggetproductionline.com\/wp-content\/uploads\/2024\/06\/chicken-nuggets-makig-line-300x225.jpg 300w, https:\/\/chickennuggetproductionline.com\/wp-content\/uploads\/2024\/06\/chicken-nuggets-makig-line-768x576.jpg 768w\" sizes=\"(max-width: 800px) 100vw, 800px\" \/><\/figure>\n\n<\/div><\/div>\n<\/div>\n<\/div>\n\n\n<p>Nuestro compromiso con la calidad se evidencia en la certificaci\u00f3n ISO9001:2000 y el marcado CE de nuestros productos. Seguimos invirtiendo en investigaci\u00f3n y desarrollo para mantenernos a la vanguardia de la competencia e impulsar la innovaci\u00f3n en la industria. Nuestro enfoque en la sostenibilidad se refleja en nuestros procesos de fabricaci\u00f3n ecol\u00f3gicos y el uso de materiales sostenibles.<\/p>\n\n\n\n<h2 class=\"gb-headline gb-headline-050cf952 gb-headline-text\">Nuestra misi\u00f3n<\/h2>\n\n\n\n<p>Nuestra misi\u00f3n es convertirnos en un socio de confianza para nuestros clientes al ofrecer soluciones de maquinaria alimentaria fiables y de alta calidad. Nos esforzamos por lograrlo innovando y mejorando constantemente nuestros productos y servicios, adem\u00e1s de ofrecer asistencia t\u00e9cnica especializada y servicio posventa.<\/p>\n\n<\/div>\n<\/div>\n<\/div>\n\n<div class=\"gb-container gb-container-4b162d08\">\n<div class=\"gb-container gb-container-9dbd9daf\">\n<div class=\"gb-container gb-container-0ac21e59\">\n\n<h2 class=\"gb-headline gb-headline-a516856c gb-headline-text\">P\u00f3ngase en contacto con nosotros<\/h2>\n\n\n\n<div class=\"wp-block-contact-form-7-contact-form-selector\">\n<div class=\"wpcf7 no-js\" id=\"wpcf7-f30-o1\" lang=\"en-US\" dir=\"ltr\" data-wpcf7-id=\"30\">\n<div class=\"screen-reader-response\"><p role=\"status\" aria-live=\"polite\" aria-atomic=\"true\"><\/p> <ul><\/ul><\/div>\n<form action=\"\/es\/wp-json\/wp\/v2\/pages\/277#wpcf7-f30-o1\" method=\"post\" class=\"wpcf7-form init\" aria-label=\"Formulario de contacto\" novalidate=\"novalidate\" data-status=\"init\" data-trp-original-action=\"\/es\/wp-json\/wp\/v2\/pages\/277#wpcf7-f30-o1\">\n<fieldset class=\"hidden-fields-container\"><input type=\"hidden\" name=\"_wpcf7\" value=\"30\" \/><input type=\"hidden\" name=\"_wpcf7_version\" value=\"6.1.5\" \/><input type=\"hidden\" name=\"_wpcf7_locale\" value=\"en_US\" \/><input type=\"hidden\" name=\"_wpcf7_unit_tag\" value=\"wpcf7-f30-o1\" \/><input type=\"hidden\" name=\"_wpcf7_container_post\" value=\"0\" \/><input type=\"hidden\" name=\"_wpcf7_posted_data_hash\" value=\"\" \/>\n<\/fieldset>\n<p><label><span class=\"wpcf7-form-control-wrap\" data-name=\"your-name\"><input size=\"40\" maxlength=\"400\" class=\"wpcf7-form-control wpcf7-text wpcf7-validates-as-required\" aria-required=\"true\" aria-invalid=\"false\" placeholder=\"Nombre\" value=\"\" type=\"text\" name=\"your-name\" \/><\/span><\/label>\n<\/p>\n<p><label><span class=\"wpcf7-form-control-wrap\" data-name=\"your-email\"><input size=\"40\" maxlength=\"400\" class=\"wpcf7-form-control wpcf7-email wpcf7-validates-as-required wpcf7-text wpcf7-validates-as-email\" aria-required=\"true\" aria-invalid=\"false\" placeholder=\"Correo electr\u00f3nico\" value=\"\" type=\"email\" name=\"your-email\" \/><\/span><\/label>\n<\/p>\n<p><label><span class=\"wpcf7-form-control-wrap\" data-name=\"your-tel\"><input size=\"40\" maxlength=\"400\" class=\"wpcf7-form-control wpcf7-tel wpcf7-validates-as-required wpcf7-text wpcf7-validates-as-tel\" aria-required=\"true\" aria-invalid=\"false\" placeholder=\"Tel\u00e9fono\" value=\"\" type=\"tel\" name=\"your-tel\" \/><\/span><\/label>\n<\/p>\n<p><label><span class=\"wpcf7-form-control-wrap\" data-name=\"your-message\"><textarea cols=\"40\" rows=\"10\" maxlength=\"2000\" class=\"wpcf7-form-control wpcf7-textarea wpcf7-validates-as-required\" aria-required=\"true\" aria-invalid=\"false\" placeholder=\"Mensaje*:1. \u00bfCu\u00e1l es su capacidad? \u00bfCu\u00e1l es su capacidad? 2. \u00bfCu\u00e1l es su materia prima? (trozos de pollo o carne de pollo picada)3. \u00bfQu\u00e9 productos espera obtener? (congelados o cocidos)\" name=\"your-message\"><\/textarea><\/span> <\/label>\n<\/p>\n<p><input class=\"wpcf7-form-control wpcf7-submit has-spinner\" type=\"submit\" value=\"Enviar\" \/>\n<\/p><input type='hidden' class='wpcf7-pum' value='{\"closepopup\":false,\"closedelay\":0,\"openpopup\":false,\"openpopup_id\":0}' \/><div class=\"wpcf7-response-output\" aria-hidden=\"true\"><\/div>\n<input type=\"hidden\" name=\"trp-form-language\" value=\"es\"\/><\/form>\n<\/div>\n<\/div>\n\n<\/div>\n<\/div>\n<\/div>","protected":false},"excerpt":{"rendered":"<p>We are committed to providing chicken nuggets\u00a0equipment solutions to many factories We are&nbsp;the&nbsp;leading manufacturer of chicken nuggets production line&nbsp;in China &#8230; <\/p>\n<p class=\"read-more-container\"><a title=\"Qui\u00e9nes somos\" class=\"read-more button\" href=\"https:\/\/chickennuggetproductionline.com\/es\/about-us\/#more-277\" aria-label=\"Leer m\u00e1s sobre About Us\">Seguir leyendo<\/a><\/p>","protected":false},"author":1,"featured_media":0,"parent":0,"menu_order":0,"comment_status":"closed","ping_status":"closed","template":"","meta":{"footnotes":""},"class_list":{"0":"post-277","1":"page","2":"type-page","3":"status-publish","5":"no-featured-image-padding"},"_links":{"self":[{"href":"https:\/\/chickennuggetproductionline.com\/es\/wp-json\/wp\/v2\/pages\/277","targetHints":{"allow":["GET"]}}],"collection":[{"href":"https:\/\/chickennuggetproductionline.com\/es\/wp-json\/wp\/v2\/pages"}],"about":[{"href":"https:\/\/chickennuggetproductionline.com\/es\/wp-json\/wp\/v2\/types\/page"}],"author":[{"embeddable":true,"href":"https:\/\/chickennuggetproductionline.com\/es\/wp-json\/wp\/v2\/users\/1"}],"replies":[{"embeddable":true,"href":"https:\/\/chickennuggetproductionline.com\/es\/wp-json\/wp\/v2\/comments?post=277"}],"version-history":[{"count":1,"href":"https:\/\/chickennuggetproductionline.com\/es\/wp-json\/wp\/v2\/pages\/277\/revisions"}],"predecessor-version":[{"id":1815,"href":"https:\/\/chickennuggetproductionline.com\/es\/wp-json\/wp\/v2\/pages\/277\/revisions\/1815"}],"wp:attachment":[{"href":"https:\/\/chickennuggetproductionline.com\/es\/wp-json\/wp\/v2\/media?parent=277"}],"curies":[{"name":"wp","href":"https:\/\/api.w.org\/{rel}","templated":true}]}}