{"id":277,"date":"2024-06-19T11:53:33","date_gmt":"2024-06-19T03:53:33","guid":{"rendered":"https:\/\/chickennuggetproductionline.com\/?page_id=277"},"modified":"2025-01-10T14:48:28","modified_gmt":"2025-01-10T06:48:28","slug":"about-us","status":"publish","type":"page","link":"https:\/\/chickennuggetproductionline.com\/de\/about-us\/","title":{"rendered":"\u00dcber uns"},"content":{"rendered":"<div class=\"gb-container gb-container-d70d3d41\">\n<div class=\"gb-container gb-container-fbce4224\">\n<div class=\"gb-container gb-container-6544843b\">\n<div class=\"gb-container gb-container-e225d766\">\n\n<figure class=\"wp-block-video\"><video height=\"544\" style=\"aspect-ratio: 960 \/ 544;\" width=\"960\" controls src=\"https:\/\/chickennuggetproductionline.com\/wp-content\/uploads\/2024\/06\/nugget-production-line.mp4\"><\/video><\/figure>\n\n<\/div>\n\n\n<h2 class=\"gb-headline gb-headline-c67b1d25 gb-headline-text\">Wir sind bestrebt, vielen Fabriken L\u00f6sungen f\u00fcr Chicken Nuggets-Ger\u00e4te bereitzustellen<\/h2>\n\n\n\n<p>Wir sind der f\u00fchrende Hersteller von Chicken-Nuggets-Produktionslinien in China mit \u00fcber 30 Jahren Erfahrung. Unsere Chicken-Nuggets-Produktionslinie umfasst eine Maschine zur Formung von Fleischpasteten, einen Teigmischer, eine Teigmaschine, eine Paniermaschine, eine Maschine zum Mehlbeschichten, eine kontinuierliche Frittiermaschine, eine Luftk\u00fchllinie, einen Gefrierschrank, eine Verpackungsmaschine und mehr. Wir sind bestrebt, innovative L\u00f6sungen bereitzustellen, die den Anforderungen unserer Kunden weltweit gerecht werden.<\/p>\n\n\n\n<p>Seit unserer Gr\u00fcndung im Jahr 1992 haben wir uns als erstklassiger Lieferant etabliert und beliefern Kunden auf der ganzen Welt mit Qualit\u00e4tsprodukten.<\/p>\n\n\n<div class=\"gb-container gb-container-c4db17d8\">\n<div class=\"gb-grid-wrapper gb-grid-wrapper-e27398aa\">\n<div class=\"gb-grid-column gb-grid-column-5db3bc86\"><div class=\"gb-container gb-container-5db3bc86\">\n\n<figure class=\"gb-block-image gb-block-image-905073a0\"><img decoding=\"async\" width=\"800\" height=\"600\" class=\"gb-image gb-image-905073a0\" src=\"https:\/\/chickennuggetproductionline.com\/wp-content\/uploads\/2024\/06\/chicken-nugget-making-machine.jpg\" alt=\"\" title=\"Chicken-Nugget-Maschine\" srcset=\"https:\/\/chickennuggetproductionline.com\/wp-content\/uploads\/2024\/06\/chicken-nugget-making-machine.jpg 800w, https:\/\/chickennuggetproductionline.com\/wp-content\/uploads\/2024\/06\/chicken-nugget-making-machine-300x225.jpg 300w, https:\/\/chickennuggetproductionline.com\/wp-content\/uploads\/2024\/06\/chicken-nugget-making-machine-768x576.jpg 768w\" sizes=\"(max-width: 800px) 100vw, 800px\" \/><\/figure>\n\n<\/div><\/div>\n\n<div class=\"gb-grid-column gb-grid-column-b7672a0a\"><div class=\"gb-container gb-container-b7672a0a\">\n\n<figure class=\"gb-block-image gb-block-image-ba1d6331\"><img decoding=\"async\" width=\"800\" height=\"600\" class=\"gb-image gb-image-ba1d6331\" src=\"https:\/\/chickennuggetproductionline.com\/wp-content\/uploads\/2024\/06\/China-Chicken-Nuggets-Machine-Factory-and-Suppliers.jpg\" alt=\"\" title=\"China-Chicken-Nuggets-Maschine-Fabrik-und-Lieferanten\" srcset=\"https:\/\/chickennuggetproductionline.com\/wp-content\/uploads\/2024\/06\/China-Chicken-Nuggets-Machine-Factory-and-Suppliers.jpg 800w, https:\/\/chickennuggetproductionline.com\/wp-content\/uploads\/2024\/06\/China-Chicken-Nuggets-Machine-Factory-and-Suppliers-300x225.jpg 300w, https:\/\/chickennuggetproductionline.com\/wp-content\/uploads\/2024\/06\/China-Chicken-Nuggets-Machine-Factory-and-Suppliers-768x576.jpg 768w\" sizes=\"(max-width: 800px) 100vw, 800px\" \/><\/figure>\n\n<\/div><\/div>\n\n<div class=\"gb-grid-column gb-grid-column-65f36722\"><div class=\"gb-container gb-container-65f36722\">\n\n<figure class=\"gb-block-image gb-block-image-f84f10d6\"><img decoding=\"async\" width=\"800\" height=\"600\" class=\"gb-image gb-image-f84f10d6\" src=\"https:\/\/chickennuggetproductionline.com\/wp-content\/uploads\/2024\/06\/chicken-nugget-processing-machine-for-sale.jpg\" alt=\"\" title=\"Chicken Nugget Verarbeitungsmaschine zu verkaufen\" srcset=\"https:\/\/chickennuggetproductionline.com\/wp-content\/uploads\/2024\/06\/chicken-nugget-processing-machine-for-sale.jpg 800w, https:\/\/chickennuggetproductionline.com\/wp-content\/uploads\/2024\/06\/chicken-nugget-processing-machine-for-sale-300x225.jpg 300w, https:\/\/chickennuggetproductionline.com\/wp-content\/uploads\/2024\/06\/chicken-nugget-processing-machine-for-sale-768x576.jpg 768w\" sizes=\"(max-width: 800px) 100vw, 800px\" \/><\/figure>\n\n<\/div><\/div>\n\n<div class=\"gb-grid-column gb-grid-column-a13a3259\"><div class=\"gb-container gb-container-a13a3259\">\n\n<figure class=\"gb-block-image gb-block-image-ca85d3d1\"><img decoding=\"async\" width=\"800\" height=\"600\" class=\"gb-image gb-image-ca85d3d1\" src=\"https:\/\/chickennuggetproductionline.com\/wp-content\/uploads\/2024\/06\/chicken-nuggets-makig-line.jpg\" alt=\"\" title=\"Chicken Nuggets-Zubereitungslinie\" srcset=\"https:\/\/chickennuggetproductionline.com\/wp-content\/uploads\/2024\/06\/chicken-nuggets-makig-line.jpg 800w, https:\/\/chickennuggetproductionline.com\/wp-content\/uploads\/2024\/06\/chicken-nuggets-makig-line-300x225.jpg 300w, https:\/\/chickennuggetproductionline.com\/wp-content\/uploads\/2024\/06\/chicken-nuggets-makig-line-768x576.jpg 768w\" sizes=\"(max-width: 800px) 100vw, 800px\" \/><\/figure>\n\n<\/div><\/div>\n<\/div>\n<\/div>\n\n\n<p>Unser Engagement f\u00fcr Qualit\u00e4t zeigt sich in unserer ISO9001:2000-Zertifizierung und der CE-Kennzeichnung unserer Produkte. Wir investieren weiterhin in Forschung und Entwicklung, um der Konkurrenz immer einen Schritt voraus zu sein und Innovationen in der Branche voranzutreiben. Unser Fokus auf Nachhaltigkeit spiegelt sich in unseren umweltfreundlichen Herstellungsprozessen und der Verwendung nachhaltiger Materialien wider.<\/p>\n\n\n\n<h2 class=\"gb-headline gb-headline-050cf952 gb-headline-text\">Unsere Mission<\/h2>\n\n\n\n<p>Unsere Mission ist es, durch die Bereitstellung hochwertiger und zuverl\u00e4ssiger L\u00f6sungen f\u00fcr Lebensmittelmaschinen ein vertrauensw\u00fcrdiger Partner f\u00fcr unsere Kunden zu werden. Dies erreichen wir durch st\u00e4ndige Innovation und Verbesserung unserer Produkte und Dienstleistungen sowie durch die Bereitstellung kompetenter technischer Unterst\u00fctzung und Kundendienst.<\/p>\n\n<\/div>\n<\/div>\n<\/div>\n\n<div class=\"gb-container gb-container-4b162d08\">\n<div class=\"gb-container gb-container-9dbd9daf\">\n<div class=\"gb-container gb-container-0ac21e59\">\n\n<h2 class=\"gb-headline gb-headline-a516856c gb-headline-text\">Kontaktieren Sie uns<\/h2>\n\n\n\n<div class=\"wp-block-contact-form-7-contact-form-selector\">\n<div class=\"wpcf7 no-js\" id=\"wpcf7-f30-o1\" lang=\"en-US\" dir=\"ltr\" data-wpcf7-id=\"30\">\n<div class=\"screen-reader-response\"><p role=\"status\" aria-live=\"polite\" aria-atomic=\"true\"><\/p> <ul><\/ul><\/div>\n<form action=\"\/de\/wp-json\/wp\/v2\/pages\/277#wpcf7-f30-o1\" method=\"post\" class=\"wpcf7-form init\" aria-label=\"Kontaktformular\" novalidate=\"novalidate\" data-status=\"init\" data-trp-original-action=\"\/de\/wp-json\/wp\/v2\/pages\/277#wpcf7-f30-o1\">\n<fieldset class=\"hidden-fields-container\"><input type=\"hidden\" name=\"_wpcf7\" value=\"30\" \/><input type=\"hidden\" name=\"_wpcf7_version\" value=\"6.1.5\" \/><input type=\"hidden\" name=\"_wpcf7_locale\" value=\"en_US\" \/><input type=\"hidden\" name=\"_wpcf7_unit_tag\" value=\"wpcf7-f30-o1\" \/><input type=\"hidden\" name=\"_wpcf7_container_post\" value=\"0\" \/><input type=\"hidden\" name=\"_wpcf7_posted_data_hash\" value=\"\" \/>\n<\/fieldset>\n<p><label><span class=\"wpcf7-form-control-wrap\" data-name=\"your-name\"><input size=\"40\" maxlength=\"400\" class=\"wpcf7-form-control wpcf7-text wpcf7-validates-as-required\" aria-required=\"true\" aria-invalid=\"false\" placeholder=\"Name*\" value=\"\" type=\"text\" name=\"your-name\" \/><\/span><\/label>\n<\/p>\n<p><label><span class=\"wpcf7-form-control-wrap\" data-name=\"your-email\"><input size=\"40\" maxlength=\"400\" class=\"wpcf7-form-control wpcf7-email wpcf7-validates-as-required wpcf7-text wpcf7-validates-as-email\" aria-required=\"true\" aria-invalid=\"false\" placeholder=\"E-Mail*\" value=\"\" type=\"email\" name=\"your-email\" \/><\/span><\/label>\n<\/p>\n<p><label><span class=\"wpcf7-form-control-wrap\" data-name=\"your-tel\"><input size=\"40\" maxlength=\"400\" class=\"wpcf7-form-control wpcf7-tel wpcf7-validates-as-required wpcf7-text wpcf7-validates-as-tel\" aria-required=\"true\" aria-invalid=\"false\" placeholder=\"Telefon*\" value=\"\" type=\"tel\" name=\"your-tel\" \/><\/span><\/label>\n<\/p>\n<p><label><span class=\"wpcf7-form-control-wrap\" data-name=\"your-message\"><textarea cols=\"40\" rows=\"10\" maxlength=\"2000\" class=\"wpcf7-form-control wpcf7-textarea wpcf7-validates-as-required\" aria-required=\"true\" aria-invalid=\"false\" placeholder=\"Nachricht*:1. Wie hoch ist Ihre Kapazit\u00e4t?2. Was ist Ihr Rohmaterial? (Chicken Nugget oder gehacktes H\u00fchnerfleisch)3. Ihre erwarteten Endprodukte? (gefroren oder vollst\u00e4ndig gegart)\" name=\"your-message\"><\/textarea><\/span> <\/label>\n<\/p>\n<p><input class=\"wpcf7-form-control wpcf7-submit has-spinner\" type=\"submit\" value=\"Einreichen\" \/>\n<\/p><input type='hidden' class='wpcf7-pum' value='{\"closepopup\":false,\"closedelay\":0,\"openpopup\":false,\"openpopup_id\":0}' \/><div class=\"wpcf7-response-output\" aria-hidden=\"true\"><\/div>\n<input type=\"hidden\" name=\"trp-form-language\" value=\"de\"\/><\/form>\n<\/div>\n<\/div>\n\n<\/div>\n<\/div>\n<\/div>","protected":false},"excerpt":{"rendered":"<p>Wir verpflichten uns, H\u00e4hnchen-Nuggets-Ausr\u00fcstungsl\u00f6sungen f\u00fcr viele Fabriken anzubieten. Wir sind der f\u00fchrende Hersteller von H\u00e4hnchen-Nuggets-Produktionslinien in China ... <\/p>\n<p class=\"read-more-container\"><a title=\"\u00dcber uns\" class=\"read-more button\" href=\"https:\/\/chickennuggetproductionline.com\/de\/about-us\/#more-277\" aria-label=\"Mehr Informationen \u00fcber uns\">Mehr lesen<\/a><\/p>","protected":false},"author":1,"featured_media":0,"parent":0,"menu_order":0,"comment_status":"closed","ping_status":"closed","template":"","meta":{"footnotes":""},"class_list":{"0":"post-277","1":"page","2":"type-page","3":"status-publish","5":"no-featured-image-padding"},"_links":{"self":[{"href":"https:\/\/chickennuggetproductionline.com\/de\/wp-json\/wp\/v2\/pages\/277","targetHints":{"allow":["GET"]}}],"collection":[{"href":"https:\/\/chickennuggetproductionline.com\/de\/wp-json\/wp\/v2\/pages"}],"about":[{"href":"https:\/\/chickennuggetproductionline.com\/de\/wp-json\/wp\/v2\/types\/page"}],"author":[{"embeddable":true,"href":"https:\/\/chickennuggetproductionline.com\/de\/wp-json\/wp\/v2\/users\/1"}],"replies":[{"embeddable":true,"href":"https:\/\/chickennuggetproductionline.com\/de\/wp-json\/wp\/v2\/comments?post=277"}],"version-history":[{"count":1,"href":"https:\/\/chickennuggetproductionline.com\/de\/wp-json\/wp\/v2\/pages\/277\/revisions"}],"predecessor-version":[{"id":1815,"href":"https:\/\/chickennuggetproductionline.com\/de\/wp-json\/wp\/v2\/pages\/277\/revisions\/1815"}],"wp:attachment":[{"href":"https:\/\/chickennuggetproductionline.com\/de\/wp-json\/wp\/v2\/media?parent=277"}],"curies":[{"name":"wp","href":"https:\/\/api.w.org\/{rel}","templated":true}]}}